{"id":75,"date":"2007-05-27T08:18:24","date_gmt":"2007-05-27T07:18:24","guid":{"rendered":"http:\/\/www.olafkortz.de\/wordpress\/?page_id=75"},"modified":"2025-06-09T13:08:36","modified_gmt":"2025-06-09T12:08:36","slug":"privat","status":"publish","type":"page","link":"http:\/\/www.olafkortz.de\/wordpress\/?page_id=75","title":{"rendered":"Privat"},"content":{"rendered":"<p>Hallo,<\/p>\n<p>nur aus Zeitvertreib und zur Entspannung schreibe ich Reisetageb\u00fccher, zeige ich meine Fotos, gebe etwas von mir preis.<\/p>\n<p>Mittlerweile mein Langzeitged\u00e4chtnis.<\/p>\n<p><a href=\"http:\/\/www.olafkortz.de\/wordpress\/wp-content\/uploads\/2010\/07\/DSC_8704.jpg\"><img loading=\"lazy\" decoding=\"async\" class=\"alignnone size-full wp-image-578\" title=\"DSC_8704\" src=\"http:\/\/www.olafkortz.de\/wordpress\/wp-content\/uploads\/2010\/07\/DSC_8704.jpg\" alt=\"\" width=\"600\" height=\"306\" \/><\/a><\/p>\n<hr \/>\n<p><strong>Stationen<\/strong><br \/>\n<strong>1965 &#8211; 1992 | 1998 &#8211; 2001 Hamburg<br \/>\n<\/strong>Geburt, Schule, Pubert\u00e4t, erste Liebe, Zivildienst, Ausbildung, Arbeit, erste Entt\u00e4uschungen, Auswanderung<br \/>\nWiederkehr, Karrieresprung, Geburt von Wiebke<\/p>\n<p><strong>1993 &#8211; 1995 Berlin<\/strong><br \/>\nSelbstfindung, Heirat, Geburt von Hendrik, Verantwortung<\/p>\n<p><strong>1996 -1997 Hannover<\/strong><br \/>\nVernunft, Konsolidierung<\/p>\n<p><strong><strong>2012 &#8211; 2014 M\u00f6nchengladbach<br \/>\n<\/strong><\/strong>Dienstsitz<\/p>\n<p><strong>2002 &#8211; 2020 Linden<\/strong><br \/>\nNeue Herausforderungen, die gemeistert wurden.<br \/>\n2012 &#8211; 2014 Familienleben nur am Wochenende.<br \/>\n08.2018 Kinder &#8222;aus dem Haus&#8220;.<\/p>\n<p><strong>seit 1972 G\u00fcster <\/strong>Zweitwohnsitz, <strong>seit<\/strong> <strong>2021<\/strong> Erstwohnsitz<br \/>\nHomeoffice, Familiensitz<\/p>\n<p>&nbsp;<\/p>\n<hr \/>\n<p><strong>Kortz <\/strong>is the 71,217th most popular last name (surname) in the United States; frequency is 0.000%; percentile is 88.735 [SourceCBN]<\/p>\n<p><strong>Kortz, Kurz, Kurtz: <\/strong><\/p>\n<p>German and Jewish (Ashkenazic): nickname for someone who was short in stature, from Middle High German <em>kur(t)z<\/em>, German <em>kurz<\/em> \u02dcshort\u2122.<\/p>\n<p><strong>Kortz = Kurzform von Konrad:<\/strong><\/p>\n<p>Vorsilbe kuoni: Kuonrat, Konrad, Kuhnert k\u00fchn<\/p>\n","protected":false},"excerpt":{"rendered":"<p>Hallo, nur aus Zeitvertreib und zur Entspannung schreibe ich Reisetageb\u00fccher, zeige ich meine Fotos, gebe etwas von mir preis. Mittlerweile mein Langzeitged\u00e4chtnis. Stationen 1965 &#8211; 1992 | 1998 &#8211; 2001 Hamburg Geburt, Schule, Pubert\u00e4t, erste Liebe, Zivildienst, Ausbildung, Arbeit, erste &hellip; <a href=\"http:\/\/www.olafkortz.de\/wordpress\/?page_id=75\">Weiterlesen <span class=\"meta-nav\">&rarr;<\/span><\/a><\/p>\n","protected":false},"author":1,"featured_media":0,"parent":0,"menu_order":0,"comment_status":"closed","ping_status":"closed","template":"","meta":{"jetpack_post_was_ever_published":false,"footnotes":""},"class_list":["post-75","page","type-page","status-publish","hentry"],"jetpack_sharing_enabled":true,"jetpack_shortlink":"https:\/\/wp.me\/PawXT-1d","_links":{"self":[{"href":"http:\/\/www.olafkortz.de\/wordpress\/index.php?rest_route=\/wp\/v2\/pages\/75","targetHints":{"allow":["GET"]}}],"collection":[{"href":"http:\/\/www.olafkortz.de\/wordpress\/index.php?rest_route=\/wp\/v2\/pages"}],"about":[{"href":"http:\/\/www.olafkortz.de\/wordpress\/index.php?rest_route=\/wp\/v2\/types\/page"}],"author":[{"embeddable":true,"href":"http:\/\/www.olafkortz.de\/wordpress\/index.php?rest_route=\/wp\/v2\/users\/1"}],"replies":[{"embeddable":true,"href":"http:\/\/www.olafkortz.de\/wordpress\/index.php?rest_route=%2Fwp%2Fv2%2Fcomments&post=75"}],"version-history":[{"count":23,"href":"http:\/\/www.olafkortz.de\/wordpress\/index.php?rest_route=\/wp\/v2\/pages\/75\/revisions"}],"predecessor-version":[{"id":2969,"href":"http:\/\/www.olafkortz.de\/wordpress\/index.php?rest_route=\/wp\/v2\/pages\/75\/revisions\/2969"}],"wp:attachment":[{"href":"http:\/\/www.olafkortz.de\/wordpress\/index.php?rest_route=%2Fwp%2Fv2%2Fmedia&parent=75"}],"curies":[{"name":"wp","href":"https:\/\/api.w.org\/{rel}","templated":true}]}}